{"id":6,"date":"2016-10-06T16:05:46","date_gmt":"2016-10-06T14:05:46","guid":{"rendered":"http:\/\/semiac.fr\/?page_id=6"},"modified":"2018-01-23T15:12:49","modified_gmt":"2018-01-23T14:12:49","slug":"semiac-demenageur-demenagement-visa-chine-visa-inde-visa-vietnam-visa-russie-croisiere-safari-afrique-garde-meubles-viager","status":"publish","type":"page","link":"https:\/\/semiac.fr\/","title":{"rendered":"SEMIAC"},"content":{"rendered":"<h2>L&rsquo;origine du nom de famille SEMIAC\u00a0<img loading=\"lazy\" class=\"alignright size-full wp-image-10\" src=\"https:\/\/semiac.fr\/wp-content\/uploads\/2016\/10\/18.jpeg.jpg\" alt=\"18.jpeg\" width=\"297\" height=\"170\" \/><\/h2>\n<p>Class\u00e9 au rang de 144594\u00e8me nom de famille en France, SEMIAC est un nom de famille qui a fait son apparition pour la toute premi\u00e8re fois \u00e0 Sauveterre, Barry (31510), 31510 (Haute Garonne, Midi-Pyr\u00e9n\u00e9es, France) 1678 &#8211; 1737. On notait \u00e9galement la pr\u00e9sence de la famille SEMIAC dans les communes suivantes : Sauveterre, 31510 (Haute Garonne, Midi-Pyr\u00e9n\u00e9es, France) 1698 &#8211; 1786, Sauveterre-de-Comminges, 31535 (Haute Garonne, Midi-Pyr\u00e9n\u00e9es, France) 1723 &#8211; 1818, Garnere en Sauveterre (Haute Garonne, Midi-Pyr\u00e9n\u00e9es, France) 1737 &#8211; 1782, Sauveterre-de-Comminges, 31535 (Haute Garonne, Midi-Pyr\u00e9n\u00e9es, France) 1723 &#8211; 1818, Salles-et-Pratviel,31110 (Haute Garonne, Midi-Pyr\u00e9n\u00e9es, France) 1758 &#8211; 1822, Salles-et-Pratviel, 31110 (Haute Garonne, Midi-Pyr\u00e9n\u00e9es, France) 1758 &#8211; 1822, Sauveterre-de-Comminges, 31510 (Haute Garonne, Midi-Pyr\u00e9n\u00e9es, France) 1723 &#8211; 1790, Sauveterre (France) 1727 &#8211; 1756 et \u00c0 Lacaugne (France) 1781 &#8211; 1837.<\/p>\n<h2>Informations g\u00e9n\u00e9rales sur le d\u00e9m\u00e9nagement<\/h2>\n<p>Avant de solliciter les services d&rsquo;un d\u00e9m\u00e9nageur <a href=\"http:\/\/demenageur.com\">demenageur.com<\/a>\u00a0pour votre d\u00e9m\u00e9nagement, vous devez, au minimum 2 mois avant votre d\u00e9m\u00e9nagement <a href=\"http:\/\/demenageur.com\/demenagement\/\">demenageur.com\/demenagement\/<\/a>\u00a0pr\u00e9venir les diff\u00e9rents organismes et administrations et mettre \u00e0 jour votre situation aupr\u00e8s des soci\u00e9t\u00e9s qui g\u00e8rent non seulement les abonnements, mais aussi les contrats. Vous pouvez par ailleurs d\u00e9clarer par Internet et en une seule manoeuvre, votre changement d&rsquo;adresse \u00e0 de nombreux organismes (imp\u00f4ts, caf, EDF, MSA, P\u00f4le Emploi, CPAM et bien plus encore). La Poste dispose aussi d&rsquo;un service qui vous permet de vous faire r\u00e9exp\u00e9dier vos courriers. Toutes ses diff\u00e9rentes d\u00e9marches participeront au bon d\u00e9roulement de votre d\u00e9m\u00e9nagement. Par ailleurs, nous vous offrons la possibilit\u00e9 de r\u00e9aliser un devis d\u00e9m\u00e9nagement <a href=\"http:\/\/demenageur.com\/devis-demenagement\/\">demenageur.com\/devis-demenagement\/<\/a>\u00a0o\u00f9 vous aurez un aper\u00e7u du co\u00fbt de nos diff\u00e9rentes prestations. Nous mettons aussi \u00e0 votre disposition un garde-meuble\u00a0o\u00f9 vous pourrez conserver vos affaires en toute s\u00e9curit\u00e9. Nous vous prodiguerons aussi tous les conseils n\u00e9cessaires pour un d\u00e9m\u00e9nagement de qualit\u00e9. Un viager\u00a0peut n\u00e9cessiter un d\u00e9m\u00e9nagement .<\/p>\n<h2>Informations g\u00e9n\u00e9rales sur l&rsquo;assurance vie<\/h2>\n<p>L&rsquo; <a href=\"http:\/\/lassurancevie.fr\">assurance vie<\/a> est un produit d&rsquo;\u00e9pargne \u00e0 long et moyen terme. Il peut \u00eatre touch\u00e9 par vous ou par votre (vos) b\u00e9n\u00e9ficiaire(s) que vous avez d\u00e9sign\u00e9(s). Ils ou vous toucheront le montant investi, major\u00e9 des gains potentiels, r\u00e9duit des frais. Il convient de faire la diff\u00e9rence avec l&rsquo;assurance d\u00e9c\u00e8s, o\u00f9 vous ne pouvez pas r\u00e9cup\u00e9rer les sommes investies. Vous pouvez souscrire \u00e0 une assurance vie en vous rendant aupr\u00e8s d&rsquo;un courtier ou d&rsquo;un agent, mais aussi via votre banque ou les associations d&rsquo;\u00e9pargnants. Son fonctionnement est assez simple. Il vous suffit juste dans un premier temps d&rsquo;effectuer un versement initial apr\u00e8s l&rsquo;ouverture du contrat. Une fois cela fait, vous pourrez effectuer des versements r\u00e9guliers ou non. Vos versements ne sont pas plafonn\u00e9s et vous avez la possibilit\u00e9 de clore votre contrat ou proc\u00e9der \u00e0 des retraits \u00e0 tout moment.<\/p>\n<h2>Informations g\u00e9n\u00e9rales sur les visas pour l&rsquo;\u00e9tranger<\/h2>\n<p>Quel que soit le pays pour lequel vous sollicitez un visa ( <a href=\"http:\/\/visachine.fr\">visa chine<\/a> , visa russie\u00a0, visa inde\u00a0ou visa vietnam\u00a0), vous devez souligner avec pr\u00e9cision les raisons pour lesquelles vous d\u00e9sirez vous rendre dans le pays pour lequel vous sollicitez le visa. En effet, le type de visa sollicit\u00e9 d\u00e9pend g\u00e9n\u00e9ralement des motifs et de la dur\u00e9e du s\u00e9jour envisag\u00e9. Vous pouvez solliciter un visa court s\u00e9jour, dont la dur\u00e9e est g\u00e9n\u00e9ralement de 3 mois. Il s&rsquo;agit des visas d\u00e9di\u00e9s \u00e0 ceux qui d\u00e9sirent se rendre dans un pays \u00e9tranger dans l&rsquo;optique d&rsquo;effectuer du tourisme, bref pour un court s\u00e9jour. Vous pouvez aussi solliciter un visa long s\u00e9jour, qui s&rsquo;applique \u00e0 ceux dont la dur\u00e9e du s\u00e9jour est sup\u00e9rieure \u00e0 90 jours. Il convient de noter qu&rsquo;une fois sur le territoire, il vous sera pratiquement impossible de modifier votre visa ou changer votre statut.<\/p>\n<h2>Informations g\u00e9n\u00e9rales sur les croisi\u00e8res<\/h2>\n<p>Si vous souhaitez partir en croisi\u00e8re\u00a0, vous devez savoir certaines choses. En g\u00e9n\u00e9ral l&#8217;embarquement commence par exemple 4 heures avant le d\u00e9part. Il est donc important que vous vous pr\u00e9sentiez au moins 2 heures avant le d\u00e9part \u00e0 l&#8217;embarquement. Vous recevrez votre carte d&#8217;embarquement \u00e0 l&rsquo;issue du check-in. Cette carte fera office de votre carte d&rsquo;identit\u00e9 \u00e0 bord. Cette carte vous permettra aussi de d\u00e9barquer ou d&#8217;embarquer en toute qui\u00e9tude. Elle vous permettra aussi d&rsquo;effectuer vos achats \u00e0 bord du navire. Une fois \u00e0 bord du navire, vous avez carte blanche pour le visiter enti\u00e8rement. Vous devez aussi savoir qu&rsquo;une r\u00e9union de travail est g\u00e9n\u00e9ralement organis\u00e9e pour les croisi\u00e9ristes qui viennent d&#8217;embarquer. Pour des raisons de s\u00e9curit\u00e9, la majorit\u00e9 des compagnies n&rsquo;accepte pas l&#8217;embarquement des visiteurs \u00e0 bord de leurs navires. Vous trouverez g\u00e9n\u00e9ralement sur le site Internet de la compagnie, vos itin\u00e9raires et vos excursions.<\/p>\n<h2>Informations sur les safaris<\/h2>\n<p>Lorsque vous partez en safari, pr\u00e9parez-vous \u00e0 croiser d&rsquo;autres v\u00e9hicules, quel que soit le type de safari pour lequel vous avez opt\u00e9 (safari afrique\u00a0, safari afrique du sud\u00a0, safari kenya \u00a0ou safari tanzanie\u00a0). Vous profiterez de la nature dans toute sa splendeur. Vous ferez beaucoup de routes pour vous rendre d&rsquo;un parc \u00e0 l&rsquo;autre. Profitez du paysage et munissez-vous d&rsquo;un bon appareil photo. Certaines routes ne sont pas tr\u00e8s praticables, donc, pr\u00e9parez-vous \u00e0 \u00eatre souvent fortement secou\u00e9 lors de votre trajet. Ne vous attendez pas \u00e0 trouver tout le confort que vous avez chez vous. En safari, le concept d&rsquo;\u00e9lectricit\u00e9, d&rsquo;eau chaude et de ponctualit\u00e9 est souvent absent. Vous devez donc vous adapter \u00e0 la vie locale (coupures r\u00e9p\u00e9titives, nombreux retards, couvre-feux et bien plus encore).<\/p>\n<p><a href=\"https:\/\/ledabelle.com\/\">D\u00e9couvrez un site pour trouver vos prestataires partout en France<\/a><\/p>\n","protected":false},"excerpt":{"rendered":"<p>L&rsquo;origine du nom de famille SEMIAC\u00a0 Class\u00e9 au rang de 144594\u00e8me nom de famille en France, SEMIAC est un nom de famille qui a fait son apparition pour la toute premi\u00e8re fois \u00e0 Sauveterre, Barry (31510), 31510 (Haute Garonne, Midi-Pyr\u00e9n\u00e9es, France) 1678 &#8211; 1737. On notait \u00e9galement la pr\u00e9sence de la famille SEMIAC dans les <a class=\"moretag\" href=\"https:\/\/semiac.fr\/\"> [ View Post&#8230; ]<\/a><\/p>\n","protected":false},"author":1,"featured_media":0,"parent":0,"menu_order":0,"comment_status":"closed","ping_status":"closed","template":"page-full-width.php","meta":[],"_links":{"self":[{"href":"https:\/\/semiac.fr\/index.php\/wp-json\/wp\/v2\/pages\/6"}],"collection":[{"href":"https:\/\/semiac.fr\/index.php\/wp-json\/wp\/v2\/pages"}],"about":[{"href":"https:\/\/semiac.fr\/index.php\/wp-json\/wp\/v2\/types\/page"}],"author":[{"embeddable":true,"href":"https:\/\/semiac.fr\/index.php\/wp-json\/wp\/v2\/users\/1"}],"replies":[{"embeddable":true,"href":"https:\/\/semiac.fr\/index.php\/wp-json\/wp\/v2\/comments?post=6"}],"version-history":[{"count":6,"href":"https:\/\/semiac.fr\/index.php\/wp-json\/wp\/v2\/pages\/6\/revisions"}],"predecessor-version":[{"id":15,"href":"https:\/\/semiac.fr\/index.php\/wp-json\/wp\/v2\/pages\/6\/revisions\/15"}],"wp:attachment":[{"href":"https:\/\/semiac.fr\/index.php\/wp-json\/wp\/v2\/media?parent=6"}],"curies":[{"name":"wp","href":"https:\/\/api.w.org\/{rel}","templated":true}]}}